{"id":42,"date":"2026-02-04T21:05:26","date_gmt":"2026-02-04T21:05:26","guid":{"rendered":"https:\/\/omniverse.market\/?post_type=product&#038;p=42"},"modified":"2026-04-01T21:07:37","modified_gmt":"2026-04-01T21:07:37","slug":"oja-afihan-gbogbo-gbogbo","status":"publish","type":"product","link":"https:\/\/omniverse.market\/yo\/product\/omniverse-demo-product\/","title":{"rendered":"\u00ccw\u1ecd\u0300 o\u00f2r\u00f9n Savannah ti \u00c1f\u00edr\u00edk\u00e0 p\u1eb9\u0300l\u00fa \u00e0w\u1ecdn igi \u00e0ti \u00e0w\u1ecdn \u00f2k\u00e8 n\u00ed \u1eb9\u0300y\u00ecn"},"content":{"rendered":"<p>\u00c0w\u1ecdn \u00e0w\u00f2r\u00e1n \u00f2giri \u00ecw\u1ecd\u0300 o\u00f2r\u00f9n il\u1eb9\u0300 \u00c1f\u00edr\u00edk\u00e0 t\u00f3 l\u1eb9\u0301w\u00e0 t\u00ed \u00f3 n\u00ed \u00e0w\u1ecdn igi \u00e0ti \u00f2k\u00e8 \u0144l\u00e1 n\u00ed \u1eb9\u0300y\u00ecn.<\/p>\n<p>I\u1e63\u1eb9\u0301 \u1ecdn\u00e0 t\u00ed a \u1e63e n\u00edpas\u1eb9\u0300 \u00ec\u1e63\u1eb9\u0300d\u00e1 y\u00ec\u00ed \u0144 gb\u00e9 \u1eb9w\u00e0 \u00c1f\u00edr\u00edk\u00e0 y\u1ecd, \u00f3 s\u00ec d\u00e1ra f\u00fan \u00e0w\u1ecdn ohun \u1ecd\u0300\u1e63\u1ecd\u0301 il\u00e9, \u00e0w\u1ecdn \u1ecd\u0301f\u00ed\u00ecs\u00ec, t\u00e0b\u00ed \u00e0w\u1ecdn \u00e0k\u00f3j\u1ecd \u00e0\u1e63\u00e0.<\/p>\n<p>\u00c0w\u1ecdn \u1ecd\u0300r\u1ecd\u0300 p\u00e0t\u00e0k\u00ec: \u00e0w\u00f2r\u00e1n il\u1eb9\u0300 \u00c1f\u00edr\u00edk\u00e0, w\u00edw\u1ecd\u0300 o\u00f2r\u00f9n, savannah, \u00e0w\u00f2r\u00e1n \u00f2giri, ohun \u1ecd\u0300\u1e63\u1ecd\u0301 \u00ec\u1e63\u1eb9\u0300d\u00e1, \u00c1f\u00edr\u00edk\u00e0, il\u1eb9\u0300<\/p>","protected":false},"excerpt":{"rendered":"<p>\u00c8y\u00ed j\u1eb9\u0301 \u1ecdj\u00e0 \u00e0fih\u00e0n t\u00ed a l\u00f2 l\u00e1ti d\u00e1n \u00ecr\u00edr\u00ed \u1ecdj\u00e0 Omniverse w\u00f2.<\/p>","protected":false},"featured_media":43,"comment_status":"open","ping_status":"closed","template":"","meta":[],"product_brand":[],"product_cat":[15],"product_tag":[259,44,264,265,263,266,261,260,262],"class_list":{"0":"post-42","1":"product","2":"type-product","3":"status-publish","4":"has-post-thumbnail","6":"product_cat-uncategorized","7":"product_tag-african","8":"product_tag-afrikan-savannah","9":"product_tag-decor","10":"product_tag-landscape","11":"product_tag-nature","12":"product_tag-orange","13":"product_tag-savannah","14":"product_tag-sunset","15":"product_tag-wall-art","16":"pa_city-spring-lake","17":"pa_continent-north-america","18":"pa_country-united-states","19":"pa_state-province-north-carolina","21":"first","22":"instock","23":"shipping-taxable","24":"purchasable","25":"product-type-simple"},"_links":{"self":[{"href":"https:\/\/omniverse.market\/yo\/wp-json\/wp\/v2\/product\/42","targetHints":{"allow":["GET"]}}],"collection":[{"href":"https:\/\/omniverse.market\/yo\/wp-json\/wp\/v2\/product"}],"about":[{"href":"https:\/\/omniverse.market\/yo\/wp-json\/wp\/v2\/types\/product"}],"replies":[{"embeddable":true,"href":"https:\/\/omniverse.market\/yo\/wp-json\/wp\/v2\/comments?post=42"}],"wp:featuredmedia":[{"embeddable":true,"href":"https:\/\/omniverse.market\/yo\/wp-json\/wp\/v2\/media\/43"}],"wp:attachment":[{"href":"https:\/\/omniverse.market\/yo\/wp-json\/wp\/v2\/media?parent=42"}],"wp:term":[{"taxonomy":"product_brand","embeddable":true,"href":"https:\/\/omniverse.market\/yo\/wp-json\/wp\/v2\/product_brand?post=42"},{"taxonomy":"product_cat","embeddable":true,"href":"https:\/\/omniverse.market\/yo\/wp-json\/wp\/v2\/product_cat?post=42"},{"taxonomy":"product_tag","embeddable":true,"href":"https:\/\/omniverse.market\/yo\/wp-json\/wp\/v2\/product_tag?post=42"}],"curies":[{"name":"wp","href":"https:\/\/api.w.org\/{rel}","templated":true}]}}