{"id":62,"date":"2026-02-08T03:45:15","date_gmt":"2026-02-08T03:45:15","guid":{"rendered":"https:\/\/omniverse.market\/?page_id=62"},"modified":"2026-03-26T20:00:48","modified_gmt":"2026-03-26T20:00:48","slug":"ta-lori-gbogbo-aye","status":"publish","type":"page","link":"https:\/\/omniverse.market\/yo\/sell-on-omniverse\/","title":{"rendered":"Ta lori Omniverse"},"content":{"rendered":"<p>Omniverse j\u1eb9\u0301 \u1ecdj\u00e0 \u00e0gb\u00e1y\u00e9 t\u00ed a k\u1ecd\u0301 l\u00e1ti \u1e63e \u00e0t\u00ecl\u1eb9\u0301y\u00ecn \u00e0ti l\u00e1ti m\u00fa k\u00ed \u00e0w\u1ecdn il\u00e9 i\u1e63\u1eb9\u0301 al\u00e1w\u1ecd\u0300 d\u00fad\u00fa l\u00e1ti gbogbo \u00e0w\u1ecdn or\u00edl\u1eb9\u0300-\u00e8d\u00e8 m\u00ec\u00edr\u00e0n p\u1ecd\u0300 s\u00ed i.<\/p>\n\n\n\n<p>A wa lati j\u1eb9 ki wiwa r\u1ecdrun, nini ni okun sii, ati asop\u1ecd taara laarin aw\u1ecdn olutaja ati aw\u1ecdn alabara kakiri agbaye.<\/p>\n\n\n\n<p>Ta k\u00e1r\u00ed ay\u00e9 f\u00fan 3% n\u00eckan \u2014 k\u00f2 s\u00ed ow\u00f3 \u00ecpam\u1ecd\u0301 l\u00f3r\u00ed \u00eck\u00e0nn\u00ec. Ow\u00f3 \u00ecsanw\u00f3 d\u00e9\u00e9d\u00e9 w\u00e0.<\/p>\n\n\n\n<p><strong>K\u00ed n\u00ecd\u00ed t\u00ed a fi \u0144 ta \u1ecdj\u00e0 l\u00f3r\u00ed Omniverse:<\/strong><br>\u2022 Aw\u1ecdn idiyele ilana isanwo bo\u1e63ewa ti i\u1e63\u1eb9-\u1e63i\u1e63e 3% nikan ni o wa <br>\u2022 \u00ccsop\u1ecd\u0300 taara p\u1eb9\u0300l\u00fa on\u00edb\u00e0\u00e1r\u00e0<br>\u2022 \u00ccr\u00edran k\u00e1r\u00ed ay\u00e9<br>\u2022 \u00ccfil\u1ecd\u0301l\u1eb9\u0300 t\u00f3 r\u1ecdr\u00f9n<br>\u2022 \u00c0w\u1ecdn \u00ecw\u00e0 rere t\u00ed \u00f3 gbaj\u00fam\u1ecd\u0300 j\u00f9l\u1ecd n\u00ed \u00e0w\u00f9j\u1ecd<\/p>\n\n\n\n<p>Y\u00e1l\u00e0 o ta \u1ecdj\u00e0 t\u00e0b\u00ed i\u1e63\u1eb9\u0301, t\u00e0b\u00ed o n\u00ed or\u00fak\u1ecd \u00ectaj\u00e0 t\u00f3 \u0144 d\u00e0gb\u00e0s\u00f3k\u00e8 t\u00e0b\u00ed \u00ecj\u1ecdba t\u00f3 \u0144 gb\u00e8r\u00fa, a \u1e63e Omniverse l\u00e1ti d\u00e0gb\u00e0s\u00f3k\u00e8 p\u1eb9\u0300l\u00fa r\u1eb9\u2014k\u00ec \u00ed \u1e63e l\u00e1ti in\u00fa r\u1eb9.<\/p>\n\n\n\n<p class=\"has-text-align-center has-text-color has-link-color wp-elements-f6be0c1db024db480d4ca129de38f700\" style=\"color:#e10600\"><strong>Fi \u00ecb\u00e9\u00e8r\u00e8 s\u00edl\u1eb9\u0300 l\u00e1ti dara p\u1ecd\u0300 m\u1ecd\u0301 Omniverse!<\/strong><\/p>\n\n\n\n<div class=\"wp-block-kadence-advancedbtn kb-buttons-wrap kb-btns62_319c24-c9\"><a class=\"kb-button kt-button button kb-btn62_644c39-49 kt-btn-size-large kt-btn-width-type-full kb-btn-global-inherit  kt-btn-has-text-true kt-btn-has-svg-false  wp-block-button__link wp-block-kadence-singlebtn\" href=\"\/yo\/akoole-mi\/\"><span class=\"kt-btn-inner-text\">Darap\u1ecd m\u1ecd Omniverse<\/span><\/a><\/div>\n\n\n\n<p><\/p>","protected":false},"excerpt":{"rendered":"<p>Omniverse is a global marketplace built to support and amplify Black-owned brands from across the diaspora. We exist to make discovery easier, ownership stronger, and connection more direct between vendors and customers worldwide. Sell globally for just 3% \u2014 no hidden platform fees. Standard payment processing fees apply. Why sell on Omniverse:\u2022 Only 3% platform [&hellip;]<\/p>\n","protected":false},"author":1,"featured_media":0,"parent":0,"menu_order":0,"comment_status":"closed","ping_status":"closed","template":"","meta":{"footnotes":""},"class_list":["post-62","page","type-page","status-publish","hentry"],"_hostinger_reach_plugin_has_subscription_block":false,"_hostinger_reach_plugin_is_elementor":false,"_links":{"self":[{"href":"https:\/\/omniverse.market\/yo\/wp-json\/wp\/v2\/pages\/62","targetHints":{"allow":["GET"]}}],"collection":[{"href":"https:\/\/omniverse.market\/yo\/wp-json\/wp\/v2\/pages"}],"about":[{"href":"https:\/\/omniverse.market\/yo\/wp-json\/wp\/v2\/types\/page"}],"author":[{"embeddable":true,"href":"https:\/\/omniverse.market\/yo\/wp-json\/wp\/v2\/users\/1"}],"replies":[{"embeddable":true,"href":"https:\/\/omniverse.market\/yo\/wp-json\/wp\/v2\/comments?post=62"}],"version-history":[{"count":10,"href":"https:\/\/omniverse.market\/yo\/wp-json\/wp\/v2\/pages\/62\/revisions"}],"predecessor-version":[{"id":304,"href":"https:\/\/omniverse.market\/yo\/wp-json\/wp\/v2\/pages\/62\/revisions\/304"}],"wp:attachment":[{"href":"https:\/\/omniverse.market\/yo\/wp-json\/wp\/v2\/media?parent=62"}],"curies":[{"name":"wp","href":"https:\/\/api.w.org\/{rel}","templated":true}]}}