{"id":56,"date":"2026-02-05T18:25:39","date_gmt":"2026-02-05T18:25:39","guid":{"rendered":"https:\/\/omniverse.market\/?page_id=56"},"modified":"2026-02-05T18:25:41","modified_gmt":"2026-02-05T18:25:41","slug":"awon-ofin-olutaja","status":"publish","type":"page","link":"https:\/\/omniverse.market\/yo\/vendor-terms\/","title":{"rendered":"Aw\u1ecdn Ofin Olutaja"},"content":{"rendered":"<p><\/p>\n\n\n\n<p><em>\u00d2k\u00e8-agb\u00e1ra  <\/em><\/p>\n\n\n\n<p>Kaabo si <strong>\u00d2k\u00e8-agb\u00e1ra <\/strong>, \u1ecdj\u00e0 \u00e0gb\u00e1y\u00e9 t\u00ed a k\u1ecd\u0301 l\u00e1ti \u1e63\u00e8t\u00ecl\u1eb9\u0301y\u00ecn, m\u00fa k\u00ed \u00f3 p\u1ecd\u0300 s\u00ed i, \u00e0ti so \u00e0w\u1ecdn il\u00e9 i\u1e63\u1eb9\u0301 t\u00ed \u00e0w\u1ecdn al\u00e1w\u1ecd\u0300 d\u00fad\u00fa n\u00ed k\u00e1\u00e0kiri \u00e0w\u1ecdn or\u00edl\u1eb9\u0300-\u00e8d\u00e8 m\u00ec\u00edr\u00e0n p\u1ecd\u0300. \u00c0w\u1ecdn \u00ecl\u00e0n\u00e0 w\u1ecd\u0300ny\u00ed w\u00e0 l\u00e1ti j\u1eb9\u0301 k\u00ed \u1ecdj\u00e0 n\u00e1\u00e0 j\u1eb9\u0301 \u00e8y\u00ed t\u00ed \u00f3 t\u1ecd\u0301, t\u00ed a l\u00e8 f\u1ecdk\u00e0n t\u00e1n, t\u00ed \u00f3 s\u00ec l\u00e8 w\u00e0 f\u00fan gbogbo \u00e8n\u00ecy\u00e0n.<\/p>\n\n\n\n<p>N\u00edpa f\u00edfor\u00fak\u1ecds\u00edl\u1eb9\u0300 g\u1eb9\u0301g\u1eb9\u0301 b\u00ed ol\u00f9taj\u00e0 l\u00f3r\u00ed Omniverse, o gb\u00e0 s\u00ed \u00e0w\u1ecdn w\u1ecd\u0300ny\u00ed:<\/p>\n\n\n\n<hr class=\"wp-block-separator has-alpha-channel-opacity\"\/>\n\n\n\n<h2 class=\"wp-block-heading\">1. \u00ccy\u1eb9s\u00ed \u00e0ti \u00cch\u00f9w\u00e0s\u00ed Ol\u00f9taj\u00e0<\/h2>\n\n\n\n<ul class=\"wp-block-list\">\n<li>\u00c0w\u1ecdn ol\u00f9taj\u00e0 gb\u1ecd\u0301d\u1ecd\u0300 \u1e63oj\u00fa f\u00fan \u00e0w\u1ecdn il\u00e9 i\u1e63\u1eb9\u0301 t\u00f3 t\u1ecd\u0301, \u00e0w\u1ecdn ol\u00f9d\u00e1s\u00edl\u1eb9\u0300, t\u00e0b\u00ed \u00e0w\u1ecdn il\u00e9 i\u1e63\u1eb9\u0301 t\u00f3 y\u1eb9.<\/li>\n\n\n\n<li>Gbogbo alaye ile itaja (oruk\u1ecd, aw\u1ecdn alaye olubas\u1ecdr\u1ecd, ati ipo) gb\u1ecdd\u1ecd j\u1eb9 deede ati pe a t\u1ecdju nigbagbogbo.<\/li>\n\n\n\n<li>Omniverse ni \u1eb9t\u1ecd lati \u1e63e atuny\u1eb9wo, f\u1ecdw\u1ecdsi, da duro, tabi y\u1ecd aw\u1ecdn olutaja tabi aw\u1ecdn \u1ecdja ti ko ba aw\u1ecdn iye tabi aw\u1ecdn it\u1ecds\u1ecdna wa mu.<\/li>\n<\/ul>\n\n\n\n<hr class=\"wp-block-separator has-alpha-channel-opacity\"\/>\n\n\n\n<h2 class=\"wp-block-heading\">2. \u00c0w\u1ecdn \u1eccj\u00e0 \u00e0ti \u00c0k\u00f3j\u1ecd<\/h2>\n\n\n\n<ul class=\"wp-block-list\">\n<li>\u00c0w\u1ecdn ol\u00f9taj\u00e0 l\u00f3 n\u00ed \u1eb9r\u00f9 i\u1e63\u1eb9\u0301 l\u00e1ti r\u00ed i d\u00e1j\u00fa p\u00e9 w\u1ecd\u0301n \u1e63\u00e0l\u00e0y\u00e9 \u00e0w\u1ecdn \u1ecdj\u00e0 w\u1ecdn d\u00e1ad\u00e1a, w\u1ecd\u0301n t\u00e0 \u00e1 n\u00ed iye ow\u00f3 t\u00f3 t\u1ecd\u0301, \u00e0ti p\u00e9 w\u1ecd\u0301n l\u00e8 t\u00e0 \u00e1 l\u00e1b\u1eb9\u0301 \u00f2fin.<\/li>\n\n\n\n<li>A k\u00f2 gb\u00e0 l\u00e1\u00e0y\u00e8 l\u00e1ti lo \u00e0w\u1ecdn \u1ecdj\u00e0 t\u00ed a k\u00e0 l\u00e9\u00e8w\u1ecd\u0300, t\u00ed a \u1e63e \u00e0d\u00e0k\u1ecd, t\u00e0b\u00ed t\u00ed a fi \u0144 \u1e63ini l\u1ecd\u0301n\u00e0.<\/li>\n\n\n\n<li>Omniverse le \u1e63e atuny\u1eb9wo tabi \u1e63e abojuto gbogbo aw\u1ecdn \u1ecdja lati \u1e63et\u1ecdju didara \u1ecdja.<\/li>\n<\/ul>\n\n\n\n<hr class=\"wp-block-separator has-alpha-channel-opacity\"\/>\n\n\n\n<h2 class=\"wp-block-heading\">3. Ow\u00f3-or\u00ed \u00e0ti Oj\u00fa\u1e63e \u00d2fin<\/h2>\n\n\n\n<ul class=\"wp-block-list\">\n<li><strong>\u00c0w\u1ecdn ol\u00f9taj\u00e0 n\u00eckan l\u00f3 n\u00ed \u1eb9r\u00f9 i\u1e63\u1eb9\u0301 l\u00e1ti gba ow\u00f3 or\u00ed t\u00edt\u00e0, VAT, ow\u00f3 or\u00ed t\u00e0b\u00ed ow\u00f3 m\u00ec\u00edr\u00e0n t\u00ed a n\u00edl\u00f2, \u00e0ti l\u00e1ti fi r\u00e1n\u1e63\u1eb9\u0301 s\u00ed \u00e0w\u1ecdn ol\u00f9taj\u00e0.<\/strong><\/li>\n\n\n\n<li>Omniverse Collective \u1e63e <strong>k\u00ec\u00ed \u1e63e<\/strong> \u1e63e i\u1e63\u1eb9\u0301 g\u1eb9\u0301g\u1eb9\u0301 b\u00ed a\u1e63oj\u00fa ow\u00f3 or\u00ed n\u00ed ip\u00f2 \u00e0w\u1ecdn ol\u00f9taj\u00e0.<\/li>\n\n\n\n<li>\u00c0w\u1ecdn ol\u00f9taj\u00e0 l\u00f3 n\u00ed \u1eb9r\u00f9 i\u1e63\u1eb9\u0301 l\u00e1ti l\u00f3ye \u00e0ti l\u00e1ti t\u1eb9\u0300l\u00e9 \u00e0w\u1ecdn \u00f2fin ow\u00f3 or\u00ed n\u00ed agb\u00e8gb\u00e8 w\u1ecdn.<\/li>\n<\/ul>\n\n\n\n<hr class=\"wp-block-separator has-alpha-channel-opacity\"\/>\n\n\n\n<h2 class=\"wp-block-heading\">4. \u00c0w\u1ecdn \u00e0\u1e63\u1eb9, \u00ecm\u00fa\u1e63\u1eb9 \u00e0ti i\u1e63\u1eb9\u0301 on\u00edb\u00e0\u00e1r\u00e0<\/h2>\n\n\n\n<ul class=\"wp-block-list\">\n<li>\u00c0w\u1ecdn ol\u00f9taj\u00e0 l\u00f3 n\u00ed \u1eb9r\u00f9 i\u1e63\u1eb9\u0301 l\u00e1ti m\u00fa \u00e0w\u1ecdn \u00e0\u1e63\u1eb9 \u1e63\u1eb9 n\u00ed \u00e0k\u00f3k\u00f2 t\u00f3 y\u1eb9 \u00e0ti n\u00ed \u1ecd\u0300n\u00e0 t\u00f3 t\u1ecd\u0301.<\/li>\n\n\n\n<li>Aw\u1ecdn akoko gbigbe \u1ecdk\u1ecd oju omi deede ati aw\u1ecdn ireti imuse y\u1eb9 ki o s\u1ecd fun aw\u1ecdn alabara ni kedere.<\/li>\n\n\n\n<li>\u00c0w\u1ecdn ol\u00f9taj\u00e0 gb\u1ecd\u0301d\u1ecd\u0300 d\u00e1h\u00f9n s\u00ed \u00ecb\u00e9\u00e8r\u00e8 \u00e0w\u1ecdn on\u00edb\u00e0\u00e1r\u00e0 p\u1eb9\u0300l\u00fa \u00ecgb\u00e0gb\u1ecd\u0301 \u00e0ti l\u00e1\u00e0r\u00edn \u00e0k\u00f3k\u00f2 t\u00f3 y\u1eb9.<\/li>\n<\/ul>\n\n\n\n<hr class=\"wp-block-separator has-alpha-channel-opacity\"\/>\n\n\n\n<h2 class=\"wp-block-heading\">5. Ibara\u1eb9nis\u1ecdr\u1ecd p\u1eb9lu Aw\u1ecdn Onibara<\/h2>\n\n\n\n<ul class=\"wp-block-list\">\n<li>\u00c0w\u1ecdn ol\u00f9taj\u00e0 l\u00e8 b\u00e1 \u00e0w\u1ecdn on\u00edb\u00e0\u00e1r\u00e0 s\u1ecd\u0300r\u1ecd\u0300 l\u00e1\u00ecs\u00ed \u00ec\u1e63\u00f2ro n\u00edpas\u1eb9\u0300 \u00ecw\u00edf\u00fan \u00ecb\u00e1\u1e63ep\u1ecd\u0300 t\u00ed a fih\u00e0n l\u00f3r\u00ed \u00e0w\u1ecdn oj\u00fa \u00ecw\u00e9 \u00ectaj\u00e0 w\u1ecdn t\u00e0b\u00ed \u1ecdj\u00e0 w\u1ecdn.<\/li>\n\n\n\n<li>Fun aabo aw\u1ecdn olutaja ati aw\u1ecdn alabara, <strong>gbogbo i\u1e63owo y\u1eb9 ki o pari nipas\u1eb9 Omniverse.market<\/strong>.<\/li>\n\n\n\n<li>\u00c0w\u1ecdn \u00e0\u1e63\u1eb9 t\u00ed a b\u00e1 par\u00ed n\u00edta p\u1eb9p\u1eb9 n\u00e1\u00e0 k\u00f2 y\u1eb9 f\u00fan \u00e0\u00e0b\u00f2 \u1ecdj\u00e0, \u00ecr\u00e0nl\u1ecd\u0301w\u1ecd\u0301 \u00e0r\u00edy\u00e0njiy\u00e0n, t\u00e0b\u00ed \u00ect\u00ecl\u1eb9\u0301y\u00ecn.<\/li>\n<\/ul>\n\n\n\n<hr class=\"wp-block-separator has-alpha-channel-opacity\"\/>\n\n\n\n<h2 class=\"wp-block-heading\">6. Aw\u1ecdn sisanwo ati yiy\u1ecdkuro<\/h2>\n\n\n\n<ul class=\"wp-block-list\">\n<li>\u00c0w\u1ecdn \u00e8r\u00e8 ol\u00f9taj\u00e0 y\u00f3\u00f2 y\u1eb9 f\u00fan \u00ecy\u1ecdk\u00far\u00f2 l\u1eb9\u0301y\u00ecn t\u00ed a b\u00e1 ti fi \u00e0m\u00ec s\u00ed \u00e0w\u1ecdn \u00e0\u1e63\u1eb9 g\u1eb9\u0301g\u1eb9\u0301 b\u00ed <strong>Ti pari<\/strong>.<\/li>\n\n\n\n<li>A nilo iwontunwonsi ti o kere ju \u1e63aaju ki a to le \u1e63e aw\u1ecdn ibeere yiy\u1ecd kuro.<\/li>\n\n\n\n<li>\u00c0w\u1ecdn \u00e0k\u00f3k\u00f2 \u00e0ti \u1ecd\u0300n\u00e0 \u00ecy\u1ecdk\u00far\u00f2 l\u00e8 y\u00edpad\u00e0 b\u00ed p\u1eb9p\u1eb9 n\u00e1\u00e0 \u1e63e \u0144 d\u00e0gb\u00e0 s\u00ed i.<\/li>\n<\/ul>\n\n\n\n<hr class=\"wp-block-separator has-alpha-channel-opacity\"\/>\n\n\n\n<h2 class=\"wp-block-heading\">7. \u00c0t\u00fanpad\u00e0 ow\u00f3, \u00c0r\u00edy\u00e0njiy\u00e0n \u00e0ti \u00c0w\u1ecdn \u1ecc\u0300r\u00e0n<\/h2>\n\n\n\n<ul class=\"wp-block-list\">\n<li>A nireti pe aw\u1ecdn olutaja yoo \u1e63e abojuto aw\u1ecdn agbapada owo pada, aw\u1ecdn ipadab\u1ecd, ati aw\u1ecdn ariyanjiyan ni \u1ecdna ti o t\u1ecd ati ni \u1ecdna ti o dara.<\/li>\n\n\n\n<li>Omniverse ni \u1eb9t\u1ecd lati da si aw\u1ecdn ariyanjiyan ti o ba j\u1eb9 dandan lati daabobo iduro\u1e63in\u1e63in \u1ecdja.<\/li>\n\n\n\n<li>\u00c0w\u1ecdn \u1eb9\u0300d\u00f9n t\u00ed a k\u00f2 yanj\u00fa le m\u00e1a y\u1ecdr\u00ed s\u00ed \u00ecd\u00e1d\u00far\u00f3 \u00e0k\u1ecd\u1ecd\u0301l\u1eb9\u0300.<\/li>\n<\/ul>\n\n\n\n<hr class=\"wp-block-separator has-alpha-channel-opacity\"\/>\n\n\n\n<h2 class=\"wp-block-heading\">8. \u00ccd\u00far\u00f3\u1e63in\u1e63in P\u1eb9p\u1eb9<\/h2>\n\n\n\n<ul class=\"wp-block-list\">\n<li>\u00c0w\u1ecdn ol\u00f9taj\u00e0 k\u00f2 gb\u1ecdd\u1ecd\u0300 m\u1ecd\u0300\u1ecd\u0301m\u1ecd\u0300 dar\u00ed \u00e0w\u1ecdn on\u00edb\u00e0\u00e1r\u00e0 k\u00far\u00f2 n\u00ed Omniverse f\u00fan \u00e8te y\u00edy\u1eb9ra f\u00fan ow\u00f3 \u00ecsanw\u00f3 l\u00f3r\u00ed \u00ect\u00e0k\u00f9n.<\/li>\n\n\n\n<li>L\u00edlo \u00ecgb\u1eb9\u0301k\u1eb9\u0300l\u00e9 on\u00edb\u00e0\u00e1r\u00e0, \u00e0w\u1ecdn \u1eb9\u0300y\u00e0 ara \u00eck\u00e0nn\u00ec, t\u00e0b\u00ed \u00e0w\u1ecdn \u00ecl\u00e0n\u00e0 \u00e0w\u00f9j\u1ecd l\u00e8 y\u1ecdr\u00ed s\u00ed y\u00edy\u1ecdk\u00far\u00f2.<\/li>\n<\/ul>\n\n\n\n<hr class=\"wp-block-separator has-alpha-channel-opacity\"\/>\n\n\n\n<h2 class=\"wp-block-heading\">9. \u00ccd\u00far\u00f3\u1e63in\u1e63in Wa<\/h2>\n\n\n\n<p>A gb\u00e9 Omniverse Collective kal\u1eb9\u0300 l\u00f3r\u00ed \u00ecgb\u1eb9\u0301k\u1eb9\u0300l\u00e9, \u00ecr\u00edran, \u00e0ti \u00e0w\u00f9j\u1ecd. A f\u1eb9\u0301 l\u00e1ti \u1e63\u1eb9\u0300d\u00e1 \u00e0\u01f9f\u00e0\u00e0n\u00ed \u1ecdr\u1ecd\u0300 aj\u00e9 gidi n\u00edgb\u00e0 t\u00ed a \u0144 \u1e63e \u00e0t\u00fan\u1e63e \u1ecdj\u00e0 t\u00ed \u00f3 n\u00ed \u1ecd\u0300w\u1ecd\u0300 \u00e0ti t\u00ed \u00f3 \u1e63e kedere.<\/p>\n\n\n\n<p>\u00c0w\u1ecdn \u00ecl\u00e0n\u00e0 w\u1ecd\u0300ny\u00ed l\u00e8 di tuntun b\u00ed \u00ect\u1eb9\u0300s\u00edw\u00e1j\u00fa b\u00e1 \u1e63e \u0144 l\u1ecd s\u00ed. \u00c0w\u1ecdn ol\u00f9taj\u00e0 y\u00f3\u00f2 gb\u1ecd\u0301 n\u00edpa \u00e0w\u1ecdn \u00e0y\u00edpad\u00e0 ohun \u00e8l\u00f2.<\/p>\n\n\n\n<hr class=\"wp-block-separator has-alpha-channel-opacity\"\/>\n\n\n\n<p><strong>O \u1e63eun fun jij\u1eb9 apakan Omniverse!<\/strong><\/p>\n\n\n\n<p><\/p>","protected":false},"excerpt":{"rendered":"<p>Omniverse Welcome to Omniverse , a global marketplace built to support, amplify, and connect Black-owned brands across the diaspora. These guidelines exist to keep the marketplace fair, trusted, and sustainable for everyone. By registering as a vendor on Omniverse, you agree to the following: 1. Vendor Eligibility &amp; Conduct 2. Products &amp; Listings 3. Taxes [&hellip;]<\/p>\n","protected":false},"author":1,"featured_media":0,"parent":0,"menu_order":0,"comment_status":"closed","ping_status":"closed","template":"","meta":{"footnotes":""},"class_list":["post-56","page","type-page","status-publish","hentry"],"_hostinger_reach_plugin_has_subscription_block":false,"_hostinger_reach_plugin_is_elementor":false,"_links":{"self":[{"href":"https:\/\/omniverse.market\/yo\/wp-json\/wp\/v2\/pages\/56","targetHints":{"allow":["GET"]}}],"collection":[{"href":"https:\/\/omniverse.market\/yo\/wp-json\/wp\/v2\/pages"}],"about":[{"href":"https:\/\/omniverse.market\/yo\/wp-json\/wp\/v2\/types\/page"}],"author":[{"embeddable":true,"href":"https:\/\/omniverse.market\/yo\/wp-json\/wp\/v2\/users\/1"}],"replies":[{"embeddable":true,"href":"https:\/\/omniverse.market\/yo\/wp-json\/wp\/v2\/comments?post=56"}],"version-history":[{"count":1,"href":"https:\/\/omniverse.market\/yo\/wp-json\/wp\/v2\/pages\/56\/revisions"}],"predecessor-version":[{"id":57,"href":"https:\/\/omniverse.market\/yo\/wp-json\/wp\/v2\/pages\/56\/revisions\/57"}],"wp:attachment":[{"href":"https:\/\/omniverse.market\/yo\/wp-json\/wp\/v2\/media?parent=56"}],"curies":[{"name":"wp","href":"https:\/\/api.w.org\/{rel}","templated":true}]}}