{"id":141,"date":"2026-02-20T03:34:43","date_gmt":"2026-02-20T03:34:43","guid":{"rendered":"https:\/\/omniverse.market\/?page_id=141"},"modified":"2026-03-20T20:12:33","modified_gmt":"2026-03-20T20:12:33","slug":"pe-wa","status":"publish","type":"page","link":"https:\/\/omniverse.market\/yo\/contact-us\/","title":{"rendered":"Pe wa"},"content":{"rendered":"<h2 class=\"wp-block-heading\">Pe wa<\/h2>\n\n\n\n<p>A wa nibi lati ran yin lowo.<\/p>\n\n\n\n<p>T\u00ed o b\u00e1 n\u00ed \u00ecb\u00e9\u00e8r\u00e8 n\u00edpa \u00e0\u1e63\u1eb9 r\u1eb9, \u00e0w\u1ecdn \u00ecb\u00e9\u00e8r\u00e8 ol\u00f9taj\u00e0, \u00e0w\u1ecdn \u00ecb\u00e1\u1e63ep\u1ecd\u0300, t\u00e0b\u00ed \u00e0w\u1ecdn \u00ecb\u00e9\u00e8r\u00e8 gbogbogb\u00f2, j\u1ecd\u0300w\u1ecd\u0301 k\u00e0n s\u00ed wa n\u00edpa l\u00edlo \u00e0l\u00e0y\u00e9 t\u00f3 w\u00e0 n\u00ed \u00ecs\u00e0l\u1eb9\u0300 y\u00ec\u00ed.<\/p>\n\n\n\n<h3 class=\"wp-block-heading\">\u00c0w\u1ecdn \u00ccb\u00e9\u00e8r\u00e8 Gbogbogb\u00f2<\/h3>\n\n\n\n<p>Fun aw\u1ecdn ibeere nipa p\u1eb9p\u1eb9 naa, aw\u1ecdn eto imulo, tabi aw\u1ecdn aj\u1ecd\u1e63ep\u1ecd, kan si wa ni:<\/p>\n\n\n\n<p><strong>Imeeli:<\/strong> <a>admin@omniverse.market<\/a><\/p>\n\n\n\n<hr class=\"wp-block-separator has-alpha-channel-opacity\"\/>\n\n\n\n<h3 class=\"wp-block-heading\">Atil\u1eb9yin Olutaja<\/h3>\n\n\n\n<p>T\u00ed o b\u00e1 j\u1eb9\u0301 ol\u00f9taj\u00e0 l\u1ecd\u0301w\u1ecd\u0301l\u1ecd\u0301w\u1ecd\u0301 t\u00e0b\u00ed ol\u00f9f\u1eb9\u0301 \u1ecdj\u00e0 t\u00ed o s\u00ec n\u00edl\u00f2 \u00ecr\u00e0nl\u1ecd\u0301w\u1ecd\u0301, j\u1ecd\u0300w\u1ecd\u0301 fi or\u00fak\u1ecd il\u00e9 \u00ectaj\u00e0 \u00e0ti \u00ecmeeli \u00e0k\u1ecd\u1ecd\u0301l\u1eb9\u0300 r\u1eb9 s\u00edn\u00fa \u00ecr\u00e1n\u1e63\u1eb9\u0301 r\u1eb9.<\/p>\n\n\n\n<hr class=\"wp-block-separator has-alpha-channel-opacity\"\/>\n\n\n\n<h3 class=\"wp-block-heading\">Atil\u1eb9yin Bere fun<\/h3>\n\n\n\n<p>F\u00fan \u00e0w\u1ecdn \u00e0n\u00edy\u00e0n t\u00f3 j\u1eb9 m\u1ecd\u0301 \u00e0\u1e63\u1eb9, j\u1ecd\u0300w\u1ecd\u0301 k\u00e0n s\u00ed ol\u00f9taj\u00e0 n\u00e1\u00e0 t\u00e0\u00e0r\u00e0 n\u00edpas\u1eb9\u0300 dashboard \u00e0k\u1ecd\u1ecd\u0301l\u1eb9\u0300 r\u1eb9 n\u00ed \u00e0k\u1ecd\u0301k\u1ecd\u0301. T\u00ed o b\u00e1 n\u00edl\u00f2 \u00ecr\u00e0nl\u1ecd\u0301w\u1ecd\u0301 \u00e0fik\u00fan, fi \u00ecr\u00e1n\u1e63\u1eb9\u0301 r\u00e1n\u1e63\u1eb9\u0301 s\u00ed \u1eb9gb\u1eb9\u0301 \u00ecr\u00e0nl\u1ecd\u0301w\u1ecd\u0301 wa.<\/p>\n\n\n\n<hr class=\"wp-block-separator has-alpha-channel-opacity\"\/>\n\n\n\n<p>A ni ero lati dahun si gbogbo ibeere laarin wakati ise 24\u201348.<\/p>","protected":false},"excerpt":{"rendered":"<p>Contact Us We\u2019re here to help. If you have questions about your order, vendor applications, partnerships, or general inquiries, please reach out using the information below. General Inquiries For questions about the platform, policies, or partnerships, contact us at: Email: admin@omniverse.market Vendor Support If you are a current or prospective vendor and need assistance, please [&hellip;]<\/p>\n","protected":false},"author":1,"featured_media":0,"parent":0,"menu_order":0,"comment_status":"closed","ping_status":"closed","template":"","meta":{"footnotes":""},"class_list":["post-141","page","type-page","status-publish","hentry"],"_hostinger_reach_plugin_has_subscription_block":false,"_hostinger_reach_plugin_is_elementor":false,"_links":{"self":[{"href":"https:\/\/omniverse.market\/yo\/wp-json\/wp\/v2\/pages\/141","targetHints":{"allow":["GET"]}}],"collection":[{"href":"https:\/\/omniverse.market\/yo\/wp-json\/wp\/v2\/pages"}],"about":[{"href":"https:\/\/omniverse.market\/yo\/wp-json\/wp\/v2\/types\/page"}],"author":[{"embeddable":true,"href":"https:\/\/omniverse.market\/yo\/wp-json\/wp\/v2\/users\/1"}],"replies":[{"embeddable":true,"href":"https:\/\/omniverse.market\/yo\/wp-json\/wp\/v2\/comments?post=141"}],"version-history":[{"count":3,"href":"https:\/\/omniverse.market\/yo\/wp-json\/wp\/v2\/pages\/141\/revisions"}],"predecessor-version":[{"id":189,"href":"https:\/\/omniverse.market\/yo\/wp-json\/wp\/v2\/pages\/141\/revisions\/189"}],"wp:attachment":[{"href":"https:\/\/omniverse.market\/yo\/wp-json\/wp\/v2\/media?parent=141"}],"curies":[{"name":"wp","href":"https:\/\/api.w.org\/{rel}","templated":true}]}}