{"id":12,"date":"2026-02-03T01:20:35","date_gmt":"2026-02-03T01:20:35","guid":{"rendered":"https:\/\/omniverse.market\/store-manager\/"},"modified":"2026-02-03T01:20:38","modified_gmt":"2026-02-03T01:20:38","slug":"olu%e1%b9%a3akoso-ile-itaja","status":"publish","type":"page","link":"https:\/\/omniverse.market\/yo\/store-manager\/","title":{"rendered":"Ol\u00f9\u1e63\u00e0k\u00f3so \u00cctaj\u00e0"},"content":{"rendered":"<p>[wc_frontend_manager]<\/p>\n","protected":false},"excerpt":{"rendered":"<p>[wc_frontend_manager]<\/p>\n","protected":false},"author":1,"featured_media":0,"parent":0,"menu_order":0,"comment_status":"closed","ping_status":"closed","template":"","meta":{"footnotes":""},"class_list":["post-12","page","type-page","status-publish","hentry"],"_hostinger_reach_plugin_has_subscription_block":false,"_hostinger_reach_plugin_is_elementor":false,"_links":{"self":[{"href":"https:\/\/omniverse.market\/yo\/wp-json\/wp\/v2\/pages\/12","targetHints":{"allow":["GET"]}}],"collection":[{"href":"https:\/\/omniverse.market\/yo\/wp-json\/wp\/v2\/pages"}],"about":[{"href":"https:\/\/omniverse.market\/yo\/wp-json\/wp\/v2\/types\/page"}],"author":[{"embeddable":true,"href":"https:\/\/omniverse.market\/yo\/wp-json\/wp\/v2\/users\/1"}],"replies":[{"embeddable":true,"href":"https:\/\/omniverse.market\/yo\/wp-json\/wp\/v2\/comments?post=12"}],"version-history":[{"count":1,"href":"https:\/\/omniverse.market\/yo\/wp-json\/wp\/v2\/pages\/12\/revisions"}],"predecessor-version":[{"id":13,"href":"https:\/\/omniverse.market\/yo\/wp-json\/wp\/v2\/pages\/12\/revisions\/13"}],"wp:attachment":[{"href":"https:\/\/omniverse.market\/yo\/wp-json\/wp\/v2\/media?parent=12"}],"curies":[{"name":"wp","href":"https:\/\/api.w.org\/{rel}","templated":true}]}}