{"id":56,"date":"2026-02-05T18:25:39","date_gmt":"2026-02-05T18:25:39","guid":{"rendered":"https:\/\/omniverse.market\/?page_id=56"},"modified":"2026-02-05T18:25:41","modified_gmt":"2026-02-05T18:25:41","slug":"termos-do-fornecedor","status":"publish","type":"page","link":"https:\/\/omniverse.market\/pt_br\/vendor-terms\/","title":{"rendered":"Termos do fornecedor"},"content":{"rendered":"<p><\/p>\n\n\n\n<p><em>Omniverso  <\/em><\/p>\n\n\n\n<p>Bem-vindo(a) ao <strong>Omniverso <\/strong>, um mercado global criado para apoiar, amplificar e conectar marcas de propriedade de pessoas negras em toda a di\u00e1spora. Estas diretrizes existem para manter o mercado justo, confi\u00e1vel e sustent\u00e1vel para todos.<\/p>\n\n\n\n<p>Ao se cadastrar como fornecedor no Omniverse, voc\u00ea concorda com o seguinte:<\/p>\n\n\n\n<hr class=\"wp-block-separator has-alpha-channel-opacity\"\/>\n\n\n\n<h2 class=\"wp-block-heading\">1. Elegibilidade e Conduta do Fornecedor<\/h2>\n\n\n\n<ul class=\"wp-block-list\">\n<li>Os vendedores devem representar empresas, criadores ou marcas leg\u00edtimas.<\/li>\n\n\n\n<li>Todas as informa\u00e7\u00f5es da loja (nome, dados de contato e localiza\u00e7\u00e3o) devem ser precisas e mantidas atualizadas.<\/li>\n\n\n\n<li>A Omniverse reserva-se o direito de analisar, aprovar, suspender ou remover fornecedores ou produtos que n\u00e3o estejam alinhados com nossos valores ou diretrizes.<\/li>\n<\/ul>\n\n\n\n<hr class=\"wp-block-separator has-alpha-channel-opacity\"\/>\n\n\n\n<h2 class=\"wp-block-heading\">2. Produtos e Listagens<\/h2>\n\n\n\n<ul class=\"wp-block-list\">\n<li>Os fornecedores s\u00e3o respons\u00e1veis por garantir que seus produtos sejam descritos com precis\u00e3o, tenham pre\u00e7os justos e possam ser vendidos legalmente.<\/li>\n\n\n\n<li>Produtos proibidos, falsificados ou enganosos n\u00e3o s\u00e3o permitidos.<\/li>\n\n\n\n<li>Todos os produtos podem ser analisados ou moderados pela Omniverse para manter a qualidade do mercado.<\/li>\n<\/ul>\n\n\n\n<hr class=\"wp-block-separator has-alpha-channel-opacity\"\/>\n\n\n\n<h2 class=\"wp-block-heading\">3. Impostos e Responsabilidade Legal<\/h2>\n\n\n\n<ul class=\"wp-block-list\">\n<li><strong>Os fornecedores s\u00e3o os \u00fanicos respons\u00e1veis pela coleta, declara\u00e7\u00e3o e repasse de quaisquer impostos sobre vendas, IVA, taxas alfandeg\u00e1rias ou outras taxas exigidas.<\/strong><\/li>\n\n\n\n<li>O Coletivo Omniverso faz <strong>n\u00e3o<\/strong> Atuar como agente fiscal em nome dos fornecedores.<\/li>\n\n\n\n<li>Os fornecedores s\u00e3o respons\u00e1veis por compreender e cumprir as leis tribut\u00e1rias em suas respectivas jurisdi\u00e7\u00f5es.<\/li>\n<\/ul>\n\n\n\n<hr class=\"wp-block-separator has-alpha-channel-opacity\"\/>\n\n\n\n<h2 class=\"wp-block-heading\">4. Pedidos, Processamento e Atendimento ao Cliente<\/h2>\n\n\n\n<ul class=\"wp-block-list\">\n<li>Os fornecedores s\u00e3o respons\u00e1veis por cumprir os pedidos de forma oportuna e profissional.<\/li>\n\n\n\n<li>Os prazos de envio e as expectativas de entrega devem ser comunicados aos clientes de forma clara e precisa.<\/li>\n\n\n\n<li>Os fornecedores devem responder \u00e0s solicita\u00e7\u00f5es dos clientes de boa-f\u00e9 e dentro de um prazo razo\u00e1vel.<\/li>\n<\/ul>\n\n\n\n<hr class=\"wp-block-separator has-alpha-channel-opacity\"\/>\n\n\n\n<h2 class=\"wp-block-heading\">5. Comunica\u00e7\u00e3o com os clientes<\/h2>\n\n\n\n<ul class=\"wp-block-list\">\n<li>Os vendedores podem se comunicar livremente com os clientes atrav\u00e9s das informa\u00e7\u00f5es de contato exibidas em suas p\u00e1ginas de loja ou de produtos.<\/li>\n\n\n\n<li>Para a prote\u00e7\u00e3o tanto dos fornecedores quanto dos clientes, <strong>Todas as transa\u00e7\u00f5es devem ser conclu\u00eddas atrav\u00e9s do Omniverse.market.<\/strong>.<\/li>\n\n\n\n<li>Pedidos conclu\u00eddos fora da plataforma n\u00e3o s\u00e3o eleg\u00edveis para prote\u00e7\u00e3o do marketplace, assist\u00eancia em disputas ou suporte.<\/li>\n<\/ul>\n\n\n\n<hr class=\"wp-block-separator has-alpha-channel-opacity\"\/>\n\n\n\n<h2 class=\"wp-block-heading\">6. Pagamentos e Saques<\/h2>\n\n\n\n<ul class=\"wp-block-list\">\n<li>Os ganhos do fornecedor s\u00f3 podem ser sacados ap\u00f3s as ordens serem marcadas como <strong>Conclu\u00eddo<\/strong>.<\/li>\n\n\n\n<li>\u00c9 necess\u00e1rio um saldo m\u00ednimo antes que os pedidos de saque possam ser feitos.<\/li>\n\n\n\n<li>Os prazos e m\u00e9todos de saque podem evoluir \u00e0 medida que a plataforma cresce.<\/li>\n<\/ul>\n\n\n\n<hr class=\"wp-block-separator has-alpha-channel-opacity\"\/>\n\n\n\n<h2 class=\"wp-block-heading\">7. Reembolsos, Disputas e Problemas<\/h2>\n\n\n\n<ul class=\"wp-block-list\">\n<li>Espera-se que os fornecedores lidem com reembolsos, devolu\u00e7\u00f5es e disputas de forma justa e profissional.<\/li>\n\n\n\n<li>A Omniverse reserva-se o direito de intervir em disputas, se necess\u00e1rio, para proteger a integridade do mercado.<\/li>\n\n\n\n<li>Reclama\u00e7\u00f5es repetidas e n\u00e3o resolvidas podem resultar na suspens\u00e3o da conta.<\/li>\n<\/ul>\n\n\n\n<hr class=\"wp-block-separator has-alpha-channel-opacity\"\/>\n\n\n\n<h2 class=\"wp-block-heading\">8. Integridade da Plataforma<\/h2>\n\n\n\n<ul class=\"wp-block-list\">\n<li>Os vendedores n\u00e3o podem redirecionar intencionalmente os clientes para fora do Omniverse com o objetivo de evitar o pagamento de taxas da plataforma.<\/li>\n\n\n\n<li>O abuso da confian\u00e7a do cliente, das funcionalidades da plataforma ou dos padr\u00f5es da comunidade pode resultar na remo\u00e7\u00e3o do usu\u00e1rio.<\/li>\n<\/ul>\n\n\n\n<hr class=\"wp-block-separator has-alpha-channel-opacity\"\/>\n\n\n\n<h2 class=\"wp-block-heading\">9. Nosso Compromisso<\/h2>\n\n\n\n<p>A Omniverse Collective se baseia em confian\u00e7a, visibilidade e comunidade. Nosso objetivo \u00e9 criar oportunidades econ\u00f4micas reais, mantendo um mercado respeitoso e transparente.<\/p>\n\n\n\n<p>Estas diretrizes podem ser atualizadas conforme a plataforma evolui. Os fornecedores ser\u00e3o notificados sobre altera\u00e7\u00f5es significativas.<\/p>\n\n\n\n<hr class=\"wp-block-separator has-alpha-channel-opacity\"\/>\n\n\n\n<p><strong>Obrigado por fazer parte do Omniverse!<\/strong><\/p>\n\n\n\n<p><\/p>","protected":false},"excerpt":{"rendered":"<p>Omniverse Welcome to Omniverse , a global marketplace built to support, amplify, and connect Black-owned brands across the diaspora. These guidelines exist to keep the marketplace fair, trusted, and sustainable for everyone. By registering as a vendor on Omniverse, you agree to the following: 1. Vendor Eligibility &amp; Conduct 2. Products &amp; Listings 3. Taxes [&hellip;]<\/p>\n","protected":false},"author":1,"featured_media":0,"parent":0,"menu_order":0,"comment_status":"closed","ping_status":"closed","template":"","meta":{"footnotes":""},"class_list":["post-56","page","type-page","status-publish","hentry"],"_hostinger_reach_plugin_has_subscription_block":false,"_hostinger_reach_plugin_is_elementor":false,"_links":{"self":[{"href":"https:\/\/omniverse.market\/pt_br\/wp-json\/wp\/v2\/pages\/56","targetHints":{"allow":["GET"]}}],"collection":[{"href":"https:\/\/omniverse.market\/pt_br\/wp-json\/wp\/v2\/pages"}],"about":[{"href":"https:\/\/omniverse.market\/pt_br\/wp-json\/wp\/v2\/types\/page"}],"author":[{"embeddable":true,"href":"https:\/\/omniverse.market\/pt_br\/wp-json\/wp\/v2\/users\/1"}],"replies":[{"embeddable":true,"href":"https:\/\/omniverse.market\/pt_br\/wp-json\/wp\/v2\/comments?post=56"}],"version-history":[{"count":1,"href":"https:\/\/omniverse.market\/pt_br\/wp-json\/wp\/v2\/pages\/56\/revisions"}],"predecessor-version":[{"id":57,"href":"https:\/\/omniverse.market\/pt_br\/wp-json\/wp\/v2\/pages\/56\/revisions\/57"}],"wp:attachment":[{"href":"https:\/\/omniverse.market\/pt_br\/wp-json\/wp\/v2\/media?parent=56"}],"curies":[{"name":"wp","href":"https:\/\/api.w.org\/{rel}","templated":true}]}}