{"id":56,"date":"2026-02-05T18:25:39","date_gmt":"2026-02-05T18:25:39","guid":{"rendered":"https:\/\/omniverse.market\/?page_id=56"},"modified":"2026-02-05T18:25:41","modified_gmt":"2026-02-05T18:25:41","slug":"conditions-du-fournisseur","status":"publish","type":"page","link":"https:\/\/omniverse.market\/fr\/vendor-terms\/","title":{"rendered":"Conditions g\u00e9n\u00e9rales du fournisseur"},"content":{"rendered":"<p><\/p>\n\n\n\n<p><em>Omnivers  <\/em><\/p>\n\n\n\n<p>Bienvenue sur <strong>Omnivers <\/strong>, une plateforme mondiale con\u00e7ue pour soutenir, amplifier et connecter les marques appartenant \u00e0 des personnes noires au sein de la diaspora. Ces directives visent \u00e0 garantir une plateforme \u00e9quitable, fiable et durable pour tous.<\/p>\n\n\n\n<p>En vous inscrivant comme vendeur sur Omniverse, vous acceptez ce qui suit\u00a0:<\/p>\n\n\n\n<hr class=\"wp-block-separator has-alpha-channel-opacity\"\/>\n\n\n\n<h2 class=\"wp-block-heading\">1. Admissibilit\u00e9 et conduite des fournisseurs<\/h2>\n\n\n\n<ul class=\"wp-block-list\">\n<li>Les vendeurs doivent repr\u00e9senter des entreprises, des cr\u00e9ateurs ou des marques l\u00e9gitimes.<\/li>\n\n\n\n<li>Toutes les informations relatives au magasin (nom, coordonn\u00e9es et adresse) doivent \u00eatre exactes et tenues \u00e0 jour.<\/li>\n\n\n\n<li>Omniverse se r\u00e9serve le droit d&#039;examiner, d&#039;approuver, de suspendre ou de supprimer les fournisseurs ou les produits qui ne correspondent pas \u00e0 nos valeurs ou \u00e0 nos directives.<\/li>\n<\/ul>\n\n\n\n<hr class=\"wp-block-separator has-alpha-channel-opacity\"\/>\n\n\n\n<h2 class=\"wp-block-heading\">2. Produits et annonces<\/h2>\n\n\n\n<ul class=\"wp-block-list\">\n<li>Il incombe aux vendeurs de veiller \u00e0 ce que leurs produits soient d\u00e9crits avec pr\u00e9cision, propos\u00e9s \u00e0 un prix \u00e9quitable et l\u00e9galement vendables.<\/li>\n\n\n\n<li>Les produits interdits, contrefaits ou trompeurs ne sont pas autoris\u00e9s.<\/li>\n\n\n\n<li>Tous les produits peuvent \u00eatre examin\u00e9s ou mod\u00e9r\u00e9s par Omniverse afin de maintenir la qualit\u00e9 du march\u00e9.<\/li>\n<\/ul>\n\n\n\n<hr class=\"wp-block-separator has-alpha-channel-opacity\"\/>\n\n\n\n<h2 class=\"wp-block-heading\">3. Imp\u00f4ts et responsabilit\u00e9 l\u00e9gale<\/h2>\n\n\n\n<ul class=\"wp-block-list\">\n<li><strong>Il incombe exclusivement aux vendeurs de collecter, de d\u00e9clarer et de reverser toutes les taxes de vente, TVA, droits de douane ou autres frais applicables.<\/strong><\/li>\n\n\n\n<li>Omniverse Collective le fait <strong>pas<\/strong> agir en tant qu&#039;agent fiscal pour le compte des vendeurs.<\/li>\n\n\n\n<li>Il incombe aux fournisseurs de comprendre et de respecter les lois fiscales en vigueur dans leur juridiction.<\/li>\n<\/ul>\n\n\n\n<hr class=\"wp-block-separator has-alpha-channel-opacity\"\/>\n\n\n\n<h2 class=\"wp-block-heading\">4. Commandes, traitement et service client<\/h2>\n\n\n\n<ul class=\"wp-block-list\">\n<li>Les fournisseurs sont responsables de l&#039;ex\u00e9cution des commandes de mani\u00e8re rapide et professionnelle.<\/li>\n\n\n\n<li>Les d\u00e9lais de livraison pr\u00e9cis et les modalit\u00e9s d&#039;ex\u00e9cution des commandes doivent \u00eatre clairement communiqu\u00e9s aux clients.<\/li>\n\n\n\n<li>Les fournisseurs doivent r\u00e9pondre aux demandes des clients de bonne foi et dans un d\u00e9lai raisonnable.<\/li>\n<\/ul>\n\n\n\n<hr class=\"wp-block-separator has-alpha-channel-opacity\"\/>\n\n\n\n<h2 class=\"wp-block-heading\">5. Communication avec les clients<\/h2>\n\n\n\n<ul class=\"wp-block-list\">\n<li>Les vendeurs peuvent communiquer librement avec leurs clients via les informations de contact affich\u00e9es sur leurs pages boutique ou produits.<\/li>\n\n\n\n<li>Pour la protection des fournisseurs et des clients, <strong>Toutes les transactions doivent \u00eatre effectu\u00e9es via Omniverse.market<\/strong>.<\/li>\n\n\n\n<li>Les commandes pass\u00e9es en dehors de la plateforme ne sont pas \u00e9ligibles aux protections du march\u00e9, \u00e0 l&#039;assistance en cas de litige ni au support.<\/li>\n<\/ul>\n\n\n\n<hr class=\"wp-block-separator has-alpha-channel-opacity\"\/>\n\n\n\n<h2 class=\"wp-block-heading\">6. Paiements et retraits<\/h2>\n\n\n\n<ul class=\"wp-block-list\">\n<li>Les gains du vendeur ne sont \u00e9ligibles au retrait qu&#039;une fois les commandes marqu\u00e9es comme <strong>Compl\u00e9t\u00e9<\/strong>.<\/li>\n\n\n\n<li>Un solde minimum est requis avant de pouvoir effectuer une demande de retrait.<\/li>\n\n\n\n<li>Les d\u00e9lais et les modalit\u00e9s de retrait peuvent \u00e9voluer \u00e0 mesure que la plateforme se d\u00e9veloppe.<\/li>\n<\/ul>\n\n\n\n<hr class=\"wp-block-separator has-alpha-channel-opacity\"\/>\n\n\n\n<h2 class=\"wp-block-heading\">7. Remboursements, litiges et probl\u00e8mes<\/h2>\n\n\n\n<ul class=\"wp-block-list\">\n<li>Les fournisseurs sont tenus de traiter les remboursements, les retours et les litiges de mani\u00e8re \u00e9quitable et professionnelle.<\/li>\n\n\n\n<li>Omniverse se r\u00e9serve le droit d&#039;intervenir dans les litiges si n\u00e9cessaire pour prot\u00e9ger l&#039;int\u00e9grit\u00e9 du march\u00e9.<\/li>\n\n\n\n<li>Les plaintes r\u00e9p\u00e9t\u00e9es non r\u00e9solues peuvent entra\u00eener la suspension du compte.<\/li>\n<\/ul>\n\n\n\n<hr class=\"wp-block-separator has-alpha-channel-opacity\"\/>\n\n\n\n<h2 class=\"wp-block-heading\">8. Int\u00e9grit\u00e9 de la plateforme<\/h2>\n\n\n\n<ul class=\"wp-block-list\">\n<li>Les fournisseurs ne sont pas autoris\u00e9s \u00e0 d\u00e9tourner intentionnellement les clients d&#039;Omniverse dans le but d&#039;\u00e9viter les frais de plateforme.<\/li>\n\n\n\n<li>Tout abus de la confiance des clients, des fonctionnalit\u00e9s de la plateforme ou des normes communautaires peut entra\u00eener une exclusion.<\/li>\n<\/ul>\n\n\n\n<hr class=\"wp-block-separator has-alpha-channel-opacity\"\/>\n\n\n\n<h2 class=\"wp-block-heading\">9. Notre engagement<\/h2>\n\n\n\n<p>Omniverse Collective repose sur la confiance, la visibilit\u00e9 et la communaut\u00e9. Notre objectif est de cr\u00e9er de r\u00e9elles opportunit\u00e9s \u00e9conomiques tout en maintenant un march\u00e9 respectueux et transparent.<\/p>\n\n\n\n<p>Ces directives pourront \u00eatre mises \u00e0 jour au fur et \u00e0 mesure de l&#039;\u00e9volution de la plateforme. Les fournisseurs seront inform\u00e9s de tout changement important.<\/p>\n\n\n\n<hr class=\"wp-block-separator has-alpha-channel-opacity\"\/>\n\n\n\n<p><strong>Merci de faire partie d&#039;Omniverse !<\/strong><\/p>\n\n\n\n<p><\/p>","protected":false},"excerpt":{"rendered":"<p>Omniverse Welcome to Omniverse , a global marketplace built to support, amplify, and connect Black-owned brands across the diaspora. These guidelines exist to keep the marketplace fair, trusted, and sustainable for everyone. By registering as a vendor on Omniverse, you agree to the following: 1. Vendor Eligibility &amp; Conduct 2. Products &amp; Listings 3. Taxes [&hellip;]<\/p>\n","protected":false},"author":1,"featured_media":0,"parent":0,"menu_order":0,"comment_status":"closed","ping_status":"closed","template":"","meta":{"footnotes":""},"class_list":["post-56","page","type-page","status-publish","hentry"],"_hostinger_reach_plugin_has_subscription_block":false,"_hostinger_reach_plugin_is_elementor":false,"_links":{"self":[{"href":"https:\/\/omniverse.market\/fr\/wp-json\/wp\/v2\/pages\/56","targetHints":{"allow":["GET"]}}],"collection":[{"href":"https:\/\/omniverse.market\/fr\/wp-json\/wp\/v2\/pages"}],"about":[{"href":"https:\/\/omniverse.market\/fr\/wp-json\/wp\/v2\/types\/page"}],"author":[{"embeddable":true,"href":"https:\/\/omniverse.market\/fr\/wp-json\/wp\/v2\/users\/1"}],"replies":[{"embeddable":true,"href":"https:\/\/omniverse.market\/fr\/wp-json\/wp\/v2\/comments?post=56"}],"version-history":[{"count":1,"href":"https:\/\/omniverse.market\/fr\/wp-json\/wp\/v2\/pages\/56\/revisions"}],"predecessor-version":[{"id":57,"href":"https:\/\/omniverse.market\/fr\/wp-json\/wp\/v2\/pages\/56\/revisions\/57"}],"wp:attachment":[{"href":"https:\/\/omniverse.market\/fr\/wp-json\/wp\/v2\/media?parent=56"}],"curies":[{"name":"wp","href":"https:\/\/api.w.org\/{rel}","templated":true}]}}