{"id":42,"date":"2026-02-04T21:05:26","date_gmt":"2026-02-04T21:05:26","guid":{"rendered":"https:\/\/omniverse.market\/?post_type=product&#038;p=42"},"modified":"2026-04-01T21:07:37","modified_gmt":"2026-04-01T21:07:37","slug":"producto-de-demostracion-omniverse","status":"publish","type":"product","link":"https:\/\/omniverse.market\/es\/product\/omniverse-demo-product\/","title":{"rendered":"Atardecer en la sabana africana con \u00e1rboles y monta\u00f1as al fondo"},"content":{"rendered":"<p>Precioso mural de la puesta de sol en la sabana africana con \u00e1rboles y monta\u00f1as de fondo.<\/p>\n<p>Esta obra de arte inspirada en la naturaleza captura la belleza de \u00c1frica y es perfecta para la decoraci\u00f3n del hogar, espacios de oficina o colecciones culturales.<\/p>\n<p>Palabras clave: arte africano, puesta de sol, sabana, arte mural, decoraci\u00f3n naturaleza, \u00e1frica, paisaje<\/p>","protected":false},"excerpt":{"rendered":"<p>Este es un producto de demostraci\u00f3n utilizado para probar la experiencia del mercado Omniverse.<\/p>","protected":false},"featured_media":43,"comment_status":"open","ping_status":"closed","template":"","meta":[],"product_brand":[],"product_cat":[15],"product_tag":[259,44,264,265,263,266,261,260,262],"class_list":{"0":"post-42","1":"product","2":"type-product","3":"status-publish","4":"has-post-thumbnail","6":"product_cat-uncategorized","7":"product_tag-african","8":"product_tag-afrikan-savannah","9":"product_tag-decor","10":"product_tag-landscape","11":"product_tag-nature","12":"product_tag-orange","13":"product_tag-savannah","14":"product_tag-sunset","15":"product_tag-wall-art","16":"pa_city-spring-lake","17":"pa_continent-north-america","18":"pa_country-united-states","19":"pa_state-province-north-carolina","21":"first","22":"instock","23":"shipping-taxable","24":"purchasable","25":"product-type-simple"},"_links":{"self":[{"href":"https:\/\/omniverse.market\/es\/wp-json\/wp\/v2\/product\/42","targetHints":{"allow":["GET"]}}],"collection":[{"href":"https:\/\/omniverse.market\/es\/wp-json\/wp\/v2\/product"}],"about":[{"href":"https:\/\/omniverse.market\/es\/wp-json\/wp\/v2\/types\/product"}],"replies":[{"embeddable":true,"href":"https:\/\/omniverse.market\/es\/wp-json\/wp\/v2\/comments?post=42"}],"wp:featuredmedia":[{"embeddable":true,"href":"https:\/\/omniverse.market\/es\/wp-json\/wp\/v2\/media\/43"}],"wp:attachment":[{"href":"https:\/\/omniverse.market\/es\/wp-json\/wp\/v2\/media?parent=42"}],"wp:term":[{"taxonomy":"product_brand","embeddable":true,"href":"https:\/\/omniverse.market\/es\/wp-json\/wp\/v2\/product_brand?post=42"},{"taxonomy":"product_cat","embeddable":true,"href":"https:\/\/omniverse.market\/es\/wp-json\/wp\/v2\/product_cat?post=42"},{"taxonomy":"product_tag","embeddable":true,"href":"https:\/\/omniverse.market\/es\/wp-json\/wp\/v2\/product_tag?post=42"}],"curies":[{"name":"wp","href":"https:\/\/api.w.org\/{rel}","templated":true}]}}