{"id":56,"date":"2026-02-05T18:25:39","date_gmt":"2026-02-05T18:25:39","guid":{"rendered":"https:\/\/omniverse.market\/?page_id=56"},"modified":"2026-02-05T18:25:41","modified_gmt":"2026-02-05T18:25:41","slug":"terminos-del-proveedor","status":"publish","type":"page","link":"https:\/\/omniverse.market\/es\/vendor-terms\/","title":{"rendered":"T\u00e9rminos del proveedor"},"content":{"rendered":"<p><\/p>\n\n\n\n<p><em>Omniverso  <\/em><\/p>\n\n\n\n<p>Bienvenido a <strong>Omniverso <\/strong>, un mercado global creado para apoyar, potenciar y conectar marcas propiedad de personas negras en toda la di\u00e1spora. Estas directrices existen para mantener el mercado justo, confiable y sostenible para todos.<\/p>\n\n\n\n<p>Al registrarte como vendedor en Omniverse, aceptas lo siguiente:<\/p>\n\n\n\n<hr class=\"wp-block-separator has-alpha-channel-opacity\"\/>\n\n\n\n<h2 class=\"wp-block-heading\">1. Elegibilidad y conducta de los proveedores<\/h2>\n\n\n\n<ul class=\"wp-block-list\">\n<li>Los vendedores deben representar a empresas, creadores o marcas leg\u00edtimas.<\/li>\n\n\n\n<li>Toda la informaci\u00f3n de la tienda (nombre, datos de contacto y ubicaci\u00f3n) debe ser precisa y estar actualizada.<\/li>\n\n\n\n<li>Omniverse se reserva el derecho de revisar, aprobar, suspender o eliminar proveedores o productos que no se ajusten a nuestros valores o directrices.<\/li>\n<\/ul>\n\n\n\n<hr class=\"wp-block-separator has-alpha-channel-opacity\"\/>\n\n\n\n<h2 class=\"wp-block-heading\">2. Productos y listados<\/h2>\n\n\n\n<ul class=\"wp-block-list\">\n<li>Los vendedores son responsables de garantizar que sus productos est\u00e9n descritos con precisi\u00f3n, tengan un precio justo y sean legalmente vendibles.<\/li>\n\n\n\n<li>No se permiten productos prohibidos, falsificados o enga\u00f1osos.<\/li>\n\n\n\n<li>Omniverse puede revisar o moderar todos los productos para mantener la calidad del mercado.<\/li>\n<\/ul>\n\n\n\n<hr class=\"wp-block-separator has-alpha-channel-opacity\"\/>\n\n\n\n<h2 class=\"wp-block-heading\">3. Impuestos y responsabilidad legal<\/h2>\n\n\n\n<ul class=\"wp-block-list\">\n<li><strong>Los vendedores son los \u00fanicos responsables de recaudar, declarar y remitir cualquier impuesto sobre las ventas, IVA, arancel u otras tasas aplicables.<\/strong><\/li>\n\n\n\n<li>Omniverse Collective lo hace <strong>no<\/strong> actuar como agente fiscal en nombre de los proveedores.<\/li>\n\n\n\n<li>Los proveedores son responsables de comprender y cumplir con las leyes tributarias de sus respectivas jurisdicciones.<\/li>\n<\/ul>\n\n\n\n<hr class=\"wp-block-separator has-alpha-channel-opacity\"\/>\n\n\n\n<h2 class=\"wp-block-heading\">4. Pedidos, gesti\u00f3n de pedidos y atenci\u00f3n al cliente<\/h2>\n\n\n\n<ul class=\"wp-block-list\">\n<li>Los proveedores son responsables de procesar los pedidos de manera puntual y profesional.<\/li>\n\n\n\n<li>Los plazos de env\u00edo y las expectativas de entrega deben comunicarse claramente a los clientes.<\/li>\n\n\n\n<li>Los proveedores deben responder a las consultas de los clientes de buena fe y en un plazo razonable.<\/li>\n<\/ul>\n\n\n\n<hr class=\"wp-block-separator has-alpha-channel-opacity\"\/>\n\n\n\n<h2 class=\"wp-block-heading\">5. Comunicaci\u00f3n con los clientes<\/h2>\n\n\n\n<ul class=\"wp-block-list\">\n<li>Los vendedores pueden comunicarse libremente con los clientes a trav\u00e9s de la informaci\u00f3n de contacto que aparece en las p\u00e1ginas de su tienda o de sus productos.<\/li>\n\n\n\n<li>Para la protecci\u00f3n tanto de los vendedores como de los clientes, <strong>Todas las transacciones deben completarse a trav\u00e9s de Omniverse.market.<\/strong>.<\/li>\n\n\n\n<li>Los pedidos realizados fuera de la plataforma no son elegibles para las protecciones del mercado, la asistencia en caso de disputas ni el soporte.<\/li>\n<\/ul>\n\n\n\n<hr class=\"wp-block-separator has-alpha-channel-opacity\"\/>\n\n\n\n<h2 class=\"wp-block-heading\">6. Pagos y retiros<\/h2>\n\n\n\n<ul class=\"wp-block-list\">\n<li>Las ganancias del vendedor solo podr\u00e1n retirarse despu\u00e9s de que los pedidos se marquen como <strong>Terminado<\/strong>.<\/li>\n\n\n\n<li>Se requiere un saldo m\u00ednimo antes de poder solicitar retiros de fondos.<\/li>\n\n\n\n<li>Los plazos y m\u00e9todos de retiro pueden evolucionar a medida que la plataforma crece.<\/li>\n<\/ul>\n\n\n\n<hr class=\"wp-block-separator has-alpha-channel-opacity\"\/>\n\n\n\n<h2 class=\"wp-block-heading\">7. Reembolsos, disputas y problemas<\/h2>\n\n\n\n<ul class=\"wp-block-list\">\n<li>Se espera que los proveedores gestionen los reembolsos, las devoluciones y las disputas de manera justa y profesional.<\/li>\n\n\n\n<li>Omniverse se reserva el derecho de intervenir en las disputas si fuera necesario para proteger la integridad del mercado.<\/li>\n\n\n\n<li>Las quejas reiteradas que no se resuelvan pueden dar lugar a la suspensi\u00f3n de la cuenta.<\/li>\n<\/ul>\n\n\n\n<hr class=\"wp-block-separator has-alpha-channel-opacity\"\/>\n\n\n\n<h2 class=\"wp-block-heading\">8. Integridad de la plataforma<\/h2>\n\n\n\n<ul class=\"wp-block-list\">\n<li>Los vendedores no pueden redirigir intencionadamente a los clientes fuera de Omniverse con el fin de evitar las comisiones de la plataforma.<\/li>\n\n\n\n<li>El abuso de la confianza del cliente, las funciones de la plataforma o las normas de la comunidad puede conllevar la expulsi\u00f3n del usuario.<\/li>\n<\/ul>\n\n\n\n<hr class=\"wp-block-separator has-alpha-channel-opacity\"\/>\n\n\n\n<h2 class=\"wp-block-heading\">9. Nuestro compromiso<\/h2>\n\n\n\n<p>Omniverse Collective se basa en la confianza, la visibilidad y la comunidad. Nuestro objetivo es crear oportunidades econ\u00f3micas reales, manteniendo al mismo tiempo un mercado respetuoso y transparente.<\/p>\n\n\n\n<p>Estas directrices podr\u00e1n actualizarse a medida que la plataforma evolucione. Se notificar\u00e1 a los proveedores sobre cualquier cambio importante.<\/p>\n\n\n\n<hr class=\"wp-block-separator has-alpha-channel-opacity\"\/>\n\n\n\n<p><strong>\u00a1Gracias por formar parte de Omniverse!<\/strong><\/p>\n\n\n\n<p><\/p>","protected":false},"excerpt":{"rendered":"<p>Omniverse Welcome to Omniverse , a global marketplace built to support, amplify, and connect Black-owned brands across the diaspora. These guidelines exist to keep the marketplace fair, trusted, and sustainable for everyone. By registering as a vendor on Omniverse, you agree to the following: 1. Vendor Eligibility &amp; Conduct 2. Products &amp; Listings 3. Taxes [&hellip;]<\/p>\n","protected":false},"author":1,"featured_media":0,"parent":0,"menu_order":0,"comment_status":"closed","ping_status":"closed","template":"","meta":{"footnotes":""},"class_list":["post-56","page","type-page","status-publish","hentry"],"_hostinger_reach_plugin_has_subscription_block":false,"_hostinger_reach_plugin_is_elementor":false,"_links":{"self":[{"href":"https:\/\/omniverse.market\/es\/wp-json\/wp\/v2\/pages\/56","targetHints":{"allow":["GET"]}}],"collection":[{"href":"https:\/\/omniverse.market\/es\/wp-json\/wp\/v2\/pages"}],"about":[{"href":"https:\/\/omniverse.market\/es\/wp-json\/wp\/v2\/types\/page"}],"author":[{"embeddable":true,"href":"https:\/\/omniverse.market\/es\/wp-json\/wp\/v2\/users\/1"}],"replies":[{"embeddable":true,"href":"https:\/\/omniverse.market\/es\/wp-json\/wp\/v2\/comments?post=56"}],"version-history":[{"count":1,"href":"https:\/\/omniverse.market\/es\/wp-json\/wp\/v2\/pages\/56\/revisions"}],"predecessor-version":[{"id":57,"href":"https:\/\/omniverse.market\/es\/wp-json\/wp\/v2\/pages\/56\/revisions\/57"}],"wp:attachment":[{"href":"https:\/\/omniverse.market\/es\/wp-json\/wp\/v2\/media?parent=56"}],"curies":[{"name":"wp","href":"https:\/\/api.w.org\/{rel}","templated":true}]}}