{"id":129,"date":"2026-02-20T02:37:25","date_gmt":"2026-02-20T02:37:25","guid":{"rendered":"https:\/\/omniverse.market\/?page_id=129"},"modified":"2026-02-21T00:10:08","modified_gmt":"2026-02-21T00:10:08","slug":"preguntas-frecuentes","status":"publish","type":"page","link":"https:\/\/omniverse.market\/es\/faqs\/","title":{"rendered":"Preguntas frecuentes"},"content":{"rendered":"<h2 class=\"wp-block-heading\">Preguntas frecuentes<\/h2>\n\n\n\n<h3 class=\"wp-block-heading\">\u00bfQu\u00e9 es Omniverse?<\/h3>\n\n\n\n<p>Omniverse es un mercado global que conecta a clientes con marcas propiedad de personas negras en diversas regiones. Nuestra plataforma centraliza el descubrimiento y proporciona un espacio seguro para el comercio y el crecimiento.<\/p>\n\n\n\n<hr class=\"wp-block-separator has-alpha-channel-opacity\"\/>\n\n\n\n<h3 class=\"wp-block-heading\">\u00bfC\u00f3mo puedo comprar en Omniverse?<\/h3>\n\n\n\n<p>Simplemente navega por el mercado, a\u00f1ade art\u00edculos a tu carrito y completa el proceso de compra a trav\u00e9s de nuestro sistema de pago seguro.<\/p>\n\n\n\n<hr class=\"wp-block-separator has-alpha-channel-opacity\"\/>\n\n\n\n<h3 class=\"wp-block-heading\">\u00bfEs Omniverse responsable del env\u00edo?<\/h3>\n\n\n\n<p>Cada proveedor gestiona su propio env\u00edo y distribuci\u00f3n. Los plazos y las pol\u00edticas de env\u00edo pueden variar seg\u00fan el proveedor y la ubicaci\u00f3n.<\/p>\n\n\n\n<hr class=\"wp-block-separator has-alpha-channel-opacity\"\/>\n\n\n\n<h3 class=\"wp-block-heading\">\u00bfC\u00f3mo puedo convertirme en vendedor?<\/h3>\n\n\n\n<p>Puedes registrarte como vendedor a trav\u00e9s de la p\u00e1gina &quot;Vender en Omniverse&quot;. Tras enviar tu informaci\u00f3n, tu solicitud ser\u00e1 revisada antes de su aprobaci\u00f3n.<\/p>\n\n\n\n<hr class=\"wp-block-separator has-alpha-channel-opacity\"\/>\n\n\n\n<h3 class=\"wp-block-heading\">\u00bfQu\u00e9 m\u00e9todos de pago se aceptan?<\/h3>\n\n\n\n<p>Garantizamos el procesamiento seguro de pagos a trav\u00e9s de proveedores externos de confianza. Los m\u00e9todos de pago aceptados pueden variar seg\u00fan su ubicaci\u00f3n.<\/p>\n\n\n\n<hr class=\"wp-block-separator has-alpha-channel-opacity\"\/>\n\n\n\n<h3 class=\"wp-block-heading\">\u00bfC\u00f3mo funcionan los reembolsos?<\/h3>\n\n\n\n<p>Las pol\u00edticas de reembolso las determina cada vendedor. Por favor, revise la pol\u00edtica de reembolso del vendedor antes de realizar la compra. Si necesita ayuda, p\u00f3ngase en contacto con el servicio de atenci\u00f3n al cliente.<\/p>\n\n\n\n<hr class=\"wp-block-separator has-alpha-channel-opacity\"\/>\n\n\n\n<h3 class=\"wp-block-heading\">\u00bfC\u00f3mo puedo contactar con el servicio de asistencia?<\/h3>\n\n\n\n<p>Para consultas generales o asistencia, puede ponerse en contacto con nosotros a trav\u00e9s de la p\u00e1gina de Contacto.<\/p>","protected":false},"excerpt":{"rendered":"<p>Frequently Asked Questions What is Omniverse? Omniverse is a global marketplace that connects customers with Black-owned brands across multiple regions. Our platform centralizes discovery and provides a secure space for commerce and growth. How do I shop on Omniverse? Simply browse the marketplace, add items to your cart, and complete checkout through our secure payment [&hellip;]<\/p>\n","protected":false},"author":1,"featured_media":0,"parent":0,"menu_order":0,"comment_status":"closed","ping_status":"closed","template":"","meta":{"footnotes":""},"class_list":["post-129","page","type-page","status-publish","hentry"],"_hostinger_reach_plugin_has_subscription_block":false,"_hostinger_reach_plugin_is_elementor":false,"_links":{"self":[{"href":"https:\/\/omniverse.market\/es\/wp-json\/wp\/v2\/pages\/129","targetHints":{"allow":["GET"]}}],"collection":[{"href":"https:\/\/omniverse.market\/es\/wp-json\/wp\/v2\/pages"}],"about":[{"href":"https:\/\/omniverse.market\/es\/wp-json\/wp\/v2\/types\/page"}],"author":[{"embeddable":true,"href":"https:\/\/omniverse.market\/es\/wp-json\/wp\/v2\/users\/1"}],"replies":[{"embeddable":true,"href":"https:\/\/omniverse.market\/es\/wp-json\/wp\/v2\/comments?post=129"}],"version-history":[{"count":2,"href":"https:\/\/omniverse.market\/es\/wp-json\/wp\/v2\/pages\/129\/revisions"}],"predecessor-version":[{"id":158,"href":"https:\/\/omniverse.market\/es\/wp-json\/wp\/v2\/pages\/129\/revisions\/158"}],"wp:attachment":[{"href":"https:\/\/omniverse.market\/es\/wp-json\/wp\/v2\/media?parent=129"}],"curies":[{"name":"wp","href":"https:\/\/api.w.org\/{rel}","templated":true}]}}